{"id":302,"date":"2026-02-01T10:17:06","date_gmt":"2026-02-01T10:17:06","guid":{"rendered":"https:\/\/opv.cz\/?page_id=302"},"modified":"2026-02-09T08:37:13","modified_gmt":"2026-02-09T08:37:13","slug":"technologie","status":"publish","type":"page","link":"https:\/\/opv.cz\/en\/technologie\/","title":{"rendered":"Technologies"},"content":{"rendered":"<div class=\"wp-block-group alignfull is-style-ext-preset--group--natural-1--section has-tertiary-background-color has-background has-global-padding is-layout-constrained wp-block-group-is-layout-constrained\" style=\"margin-top:0;margin-bottom:0;padding-top:var(--wp--preset--spacing--70);padding-bottom:var(--wp--preset--spacing--70)\">\n<div class=\"wp-block-columns alignwide are-vertically-aligned-center is-layout-flex wp-container-core-columns-is-layout-174606dc wp-block-columns-is-layout-flex\">\n<div class=\"wp-block-column is-vertically-aligned-center is-layout-flow wp-block-column-is-layout-flow\">\n<figure class=\"wp-block-image size-large is-style-ext-preset--image--natural-1--image-1--content-left wp-duotone-unset-3 is-style-ext-preset--image--natural-1--image-1--content-left--2\"><img loading=\"lazy\" decoding=\"async\" width=\"1024\" height=\"683\" src=\"https:\/\/opv.cz\/wp-content\/uploads\/2026\/02\/iot-1-1024x683.jpg\" alt=\"\" class=\"wp-image-230\" style=\"aspect-ratio:4\/3;object-fit:cover\" srcset=\"https:\/\/opv.cz\/wp-content\/uploads\/2026\/02\/iot-1-1024x683.jpg 1024w, https:\/\/opv.cz\/wp-content\/uploads\/2026\/02\/iot-1-300x200.jpg 300w, https:\/\/opv.cz\/wp-content\/uploads\/2026\/02\/iot-1-768x512.jpg 768w, https:\/\/opv.cz\/wp-content\/uploads\/2026\/02\/iot-1-1536x1024.jpg 1536w, https:\/\/opv.cz\/wp-content\/uploads\/2026\/02\/iot-1-18x12.jpg 18w, https:\/\/opv.cz\/wp-content\/uploads\/2026\/02\/iot-1.jpg 1920w\" sizes=\"auto, (max-width: 1024px) 100vw, 1024px\" \/><\/figure>\n<\/div>\n\n\n\n<div class=\"wp-block-column is-vertically-aligned-center is-layout-flow wp-block-column-is-layout-flow\">\n<div class=\"wp-block-group alignwide is-vertical is-layout-flex wp-container-core-group-is-layout-c35747d5 wp-block-group-is-layout-flex\">\n<div class=\"wp-block-group has-global-padding is-layout-constrained wp-container-core-group-is-layout-dd32767c wp-block-group-is-layout-constrained\">\n<h2 class=\"wp-block-heading\"><strong>ENVIRONMENTAL TECHNOLOGIES OFFERED<\/strong><\/h2>\n\n\n\n<p><strong><em>Exclusive cooperation with leading manufacturers<\/em><\/strong><\/p>\n\n\n\n<p>OPV has long-term cooperation with renowned foreign manufacturers of environmental technologies. Thanks to this exclusive cooperation, it is able to offer proven and technologically advanced solutions in the field of groundwater protection and remediation, environmental monitoring, and water treatment. The technologies offered meet strict technical and environmental standards and are suitable for both small sites and large industrial and municipal projects.<\/p>\n<\/div>\n\n\n\n<div class=\"wp-block-buttons is-layout-flex wp-block-buttons-is-layout-flex\"><\/div>\n<\/div>\n<\/div>\n<\/div>\n<\/div>\n\n\n\n<div class=\"wp-block-group alignfull is-style-ext-preset--group--natural-1--section has-background-background-color has-background has-global-padding is-layout-constrained wp-container-core-group-is-layout-43ca1d42 wp-block-group-is-layout-constrained\" style=\"margin-top:0;margin-bottom:0;padding-top:var(--wp--preset--spacing--55);padding-bottom:var(--wp--preset--spacing--55)\">\n<h2 class=\"wp-block-heading has-text-align-center has-primary-color has-text-color has-link-color wp-elements-fec52a310cf34a1bfbe0572af2833836\" style=\"margin-top:0;margin-bottom:0\">OUR PARTNERS<\/h2>\n\n\n\n<div class=\"wp-block-group alignwide is-style-ext-preset--group--natural-1--item-card-1--align-start has-global-padding is-layout-constrained wp-block-group-is-layout-constrained is-style-ext-preset--group--natural-1--item-card-1--align-start--5\">\n<div class=\"wp-block-columns alignwide is-layout-flex wp-container-core-columns-is-layout-08c01c1c wp-block-columns-is-layout-flex\">\n<div class=\"wp-block-column is-vertically-aligned-center is-layout-flow wp-container-core-column-is-layout-f5bb311e wp-block-column-is-layout-flow\">\n<div class=\"wp-block-group is-style-ext-preset--group--natural-1--item-card-1--align-center has-global-padding is-layout-constrained wp-block-group-is-layout-constrained is-style-ext-preset--group--natural-1--item-card-1--align-center--6\">\n<div class=\"wp-block-group is-style-default has-global-padding is-layout-constrained wp-block-group-is-layout-constrained\">\n<figure class=\"wp-block-image aligncenter size-full ext-aspect-landscape wp-duotone-unset-7\"><a href=\"https:\/\/www.dimaco.com\/en\/\" target=\"_blank\" rel=\" noreferrer noopener\"><img loading=\"lazy\" decoding=\"async\" width=\"200\" height=\"200\" src=\"https:\/\/opv.cz\/wp-content\/uploads\/2026\/02\/dimacologo.jfif_.jpeg\" alt=\"\" class=\"wp-image-319\" style=\"object-fit:cover\" srcset=\"https:\/\/opv.cz\/wp-content\/uploads\/2026\/02\/dimacologo.jfif_.jpeg 200w, https:\/\/opv.cz\/wp-content\/uploads\/2026\/02\/dimacologo.jfif_-150x150.jpeg 150w, https:\/\/opv.cz\/wp-content\/uploads\/2026\/02\/dimacologo.jfif_-12x12.jpeg 12w\" sizes=\"auto, (max-width: 200px) 100vw, 200px\" \/><\/a><\/figure>\n<\/div>\n<\/div>\n<\/div>\n\n\n\n<div class=\"wp-block-column is-vertically-aligned-center is-layout-flow wp-container-core-column-is-layout-f5bb311e wp-block-column-is-layout-flow\">\n<div class=\"wp-block-group is-style-ext-preset--group--natural-1--item-card-1--align-center has-global-padding is-layout-constrained wp-block-group-is-layout-constrained is-style-ext-preset--group--natural-1--item-card-1--align-center--8\">\n<div class=\"wp-block-group is-style-default has-global-padding is-layout-constrained wp-block-group-is-layout-constrained\">\n<figure class=\"wp-block-image size-large ext-aspect-landscape wp-duotone-unset-9\"><img loading=\"lazy\" decoding=\"async\" width=\"371\" height=\"348\" src=\"https:\/\/opv.cz\/wp-content\/uploads\/2026\/02\/natlogo-2.png\" alt=\"\" class=\"wp-image-322\" style=\"object-fit:cover\" srcset=\"https:\/\/opv.cz\/wp-content\/uploads\/2026\/02\/natlogo-2.png 371w, https:\/\/opv.cz\/wp-content\/uploads\/2026\/02\/natlogo-2-300x281.png 300w, https:\/\/opv.cz\/wp-content\/uploads\/2026\/02\/natlogo-2-13x12.png 13w\" sizes=\"auto, (max-width: 371px) 100vw, 371px\" \/><\/figure>\n<\/div>\n<\/div>\n<\/div>\n\n\n\n<div class=\"wp-block-column is-vertically-aligned-center is-layout-flow wp-container-core-column-is-layout-f5bb311e wp-block-column-is-layout-flow\">\n<div class=\"wp-block-group is-style-ext-preset--group--natural-1--item-card-1--align-center has-global-padding is-layout-constrained wp-block-group-is-layout-constrained is-style-ext-preset--group--natural-1--item-card-1--align-center--10\">\n<figure class=\"wp-block-image size-large ext-aspect-landscape wp-duotone-unset-11\"><a href=\"https:\/\/www.geotechenv.com\/\" target=\"_blank\" rel=\" noreferrer noopener\"><img loading=\"lazy\" decoding=\"async\" width=\"600\" height=\"400\" src=\"https:\/\/opv.cz\/wp-content\/uploads\/2026\/02\/geotechlogo.jpg\" alt=\"\" class=\"wp-image-320\" style=\"object-fit:cover\" srcset=\"https:\/\/opv.cz\/wp-content\/uploads\/2026\/02\/geotechlogo.jpg 600w, https:\/\/opv.cz\/wp-content\/uploads\/2026\/02\/geotechlogo-300x200.jpg 300w, https:\/\/opv.cz\/wp-content\/uploads\/2026\/02\/geotechlogo-18x12.jpg 18w\" sizes=\"auto, (max-width: 600px) 100vw, 600px\" \/><\/a><\/figure>\n<\/div>\n<\/div>\n<\/div>\n<\/div>\n<\/div>\n\n\n\n<div class=\"wp-block-group alignfull is-style-ext-preset--group--natural-1--section has-tertiary-background-color has-background has-global-padding is-layout-constrained wp-block-group-is-layout-constrained\" style=\"margin-top:0;margin-bottom:0;padding-top:var(--wp--preset--spacing--70);padding-bottom:var(--wp--preset--spacing--70)\">\n<div class=\"wp-block-group alignwide is-layout-flow wp-container-core-group-is-layout-6619cf49 wp-block-group-is-layout-flow\">\n<div class=\"wp-block-group is-layout-flow wp-block-group-is-layout-flow\">\n<h2 class=\"wp-block-heading is-style-ext-preset--image--natural-1--image-1--content-left\">DISCOVER OUR ADVANCED ENVIRONMENTAL TECHNOLOGIES<\/h2>\n\n\n\n<p class=\"has-text-align-left has-primary-color has-text-color has-link-color wp-elements-b1c1ef35c3a0deb5b3f92809a449dd36\">This section presents key technologies and innovative solutions from OPV, highlighting a unique approach to groundwater protection and remediation.<\/p>\n<\/div>\n<\/div>\n\n\n\n<div class=\"wp-block-columns alignwide is-layout-flex wp-container-core-columns-is-layout-87beb0d0 wp-block-columns-is-layout-flex\">\n<div class=\"wp-block-column is-vertically-aligned-stretch is-layout-flow wp-container-core-column-is-layout-119bc444 wp-block-column-is-layout-flow\">\n<div class=\"wp-block-media-text is-stacked-on-mobile is-image-fill-element is-style-ext-preset--media-text--natural-1--card-1 has-background-background-color has-background is-style-ext-preset--media-text--natural-1--card-1--13\" style=\"grid-template-columns:35% auto\"><figure class=\"wp-block-media-text__media\"><img loading=\"lazy\" decoding=\"async\" width=\"1024\" height=\"683\" src=\"https:\/\/opv.cz\/wp-content\/uploads\/2026\/02\/upravna-1024x683.jpg\" alt=\"\" class=\"wp-image-325 size-full\" style=\"object-position:50% 50%\" srcset=\"https:\/\/opv.cz\/wp-content\/uploads\/2026\/02\/upravna-1024x683.jpg 1024w, https:\/\/opv.cz\/wp-content\/uploads\/2026\/02\/upravna-300x200.jpg 300w, https:\/\/opv.cz\/wp-content\/uploads\/2026\/02\/upravna-768x512.jpg 768w, https:\/\/opv.cz\/wp-content\/uploads\/2026\/02\/upravna-1536x1024.jpg 1536w, https:\/\/opv.cz\/wp-content\/uploads\/2026\/02\/upravna-18x12.jpg 18w, https:\/\/opv.cz\/wp-content\/uploads\/2026\/02\/upravna.jpg 1920w\" sizes=\"auto, (max-width: 1024px) 100vw, 1024px\" \/><\/figure><div class=\"wp-block-media-text__content\">\n<div class=\"wp-block-group is-style-default has-global-padding is-layout-constrained wp-container-core-group-is-layout-9a7b35d3 wp-block-group-is-layout-constrained\" style=\"padding-top:var(--wp--preset--spacing--40);padding-right:var(--wp--preset--spacing--30);padding-bottom:var(--wp--preset--spacing--40);padding-left:var(--wp--preset--spacing--30)\">\n<h3 class=\"wp-block-heading has-foreground-color has-text-color has-link-color wp-elements-c59735322b8138dd05ecfb66bc8b0a80\" style=\"font-size:clamp(15.747px, 0.984rem + ((1vw - 3.2px) * 0.86), 24px);\"><strong>TREATMENT TECHNOLOGIES<\/strong><\/h3>\n\n\n\n<p class=\"has-primary-color has-text-color has-link-color has-small-font-size wp-elements-86c705f0d20ea1337312f1c191827bcf\"><em>Technologies for drinking and process water<\/em><\/p>\n<\/div>\n\n\n\n<details class=\"wp-block-details has-border-color has-background-border-color has-foreground-color has-text-color has-link-color wp-elements-8be11b5f1423b4add0c7b58034750e4f is-layout-flow wp-container-core-details-is-layout-22223934 wp-block-details-is-layout-flow\" style=\"border-width:18px\"><summary>Find out more<\/summary>\n<p class=\"has-text-align-center\">OPV supplies modern treatment technologies designed for households, small businesses, municipalities, cities, and industrial enterprises. The technologies are designed with an emphasis on long-term operation, reliability, and ease of use. <\/p>\n\n\n\n<p class=\"has-text-align-center\">The solutions include systems for treating drinking and process water, including equipment designed to remove unwanted substances such as iron, manganese, ammonium ions, and organic contaminants. The latest technologies also specialize in removing micropollutants, which pose an increasingly significant burden on water resources. <\/p>\n\n\n\n<p class=\"has-text-align-center\">Deliveries include complete technological units from design through installation to commissioning, including operator training and long-term service.<\/p>\n\n\n\n<div class=\"wp-block-buttons is-content-justification-center is-layout-flex wp-container-core-buttons-is-layout-a89b3969 wp-block-buttons-is-layout-flex\">\n<div class=\"wp-block-button has-custom-width wp-block-button__width-75 is-style-ext-preset--button--natural-1--button-1 is-style-ext-preset--button--natural-1--button-1--14\"><a class=\"wp-block-button__link wp-element-button\" href=\"https:\/\/opv.cz\/en\/kontakty\/\">Request Technology<\/a><\/div>\n<\/div>\n<\/details>\n<\/div><\/div>\n<\/div>\n<\/div>\n\n\n\n<div class=\"wp-block-columns alignwide is-layout-flex wp-container-core-columns-is-layout-87beb0d0 wp-block-columns-is-layout-flex\">\n<div class=\"wp-block-column is-vertically-aligned-stretch is-layout-flow wp-container-core-column-is-layout-119bc444 wp-block-column-is-layout-flow\">\n<div class=\"wp-block-media-text is-stacked-on-mobile is-image-fill-element is-style-ext-preset--media-text--natural-1--card-1 has-background-background-color has-background is-style-ext-preset--media-text--natural-1--card-1--15\" style=\"grid-template-columns:35% auto\"><figure class=\"wp-block-media-text__media\"><img loading=\"lazy\" decoding=\"async\" width=\"1024\" height=\"839\" src=\"https:\/\/opv.cz\/wp-content\/uploads\/2026\/02\/sanacni-1024x839.jpg\" alt=\"\" class=\"wp-image-324 size-full\" style=\"object-position:50% 50%\" srcset=\"https:\/\/opv.cz\/wp-content\/uploads\/2026\/02\/sanacni-1024x839.jpg 1024w, https:\/\/opv.cz\/wp-content\/uploads\/2026\/02\/sanacni-300x246.jpg 300w, https:\/\/opv.cz\/wp-content\/uploads\/2026\/02\/sanacni-768x629.jpg 768w, https:\/\/opv.cz\/wp-content\/uploads\/2026\/02\/sanacni-1536x1259.jpg 1536w, https:\/\/opv.cz\/wp-content\/uploads\/2026\/02\/sanacni-2048x1679.jpg 2048w, https:\/\/opv.cz\/wp-content\/uploads\/2026\/02\/sanacni-15x12.jpg 15w\" sizes=\"auto, (max-width: 1024px) 100vw, 1024px\" \/><\/figure><div class=\"wp-block-media-text__content\">\n<div class=\"wp-block-group is-style-default has-global-padding is-layout-constrained wp-container-core-group-is-layout-9a7b35d3 wp-block-group-is-layout-constrained\" style=\"padding-top:var(--wp--preset--spacing--40);padding-right:var(--wp--preset--spacing--30);padding-bottom:var(--wp--preset--spacing--40);padding-left:var(--wp--preset--spacing--30)\">\n<h3 class=\"wp-block-heading has-foreground-color has-text-color has-link-color wp-elements-e79615356fb57b7faff480bdc0703051\" style=\"font-size:clamp(15.747px, 0.984rem + ((1vw - 3.2px) * 0.86), 24px);\"><strong>REMEDIATION TECHNOLOGIES<\/strong><\/h3>\n\n\n\n<p class=\"has-primary-color has-text-color has-link-color has-small-font-size wp-elements-3af92d7b86469a1965fe6ef28faefa97\"><em>In-situ technologies without the need for decontamination stations<\/em><\/p>\n<\/div>\n\n\n\n<details class=\"wp-block-details has-border-color has-background-border-color has-foreground-color has-text-color has-link-color wp-elements-0071fb640e68bb1b2d1add612f9065e7 is-layout-flow wp-container-core-details-is-layout-22223934 wp-block-details-is-layout-flow\" style=\"border-width:18px\"><summary>Find out more<\/summary>\n<p class=\"has-text-align-center\">In the field of groundwater remediation, OPV offers a unique maintenance-free remediation system designed for <strong>in-situ separation of oil pollution in the drilling area.<\/strong>This innovative approach allows remediation directly at the site of contamination without the need to build decontamination stations on the surface. <\/p>\n\n\n\n<p class=\"has-text-align-center\">Oil substances are continuously separated directly at the groundwater level and collected in tanks located on the surface. The result is an efficient, environmentally friendly, and cost-effective remediation process with minimal operational requirements.<\/p>\n\n\n\n<p class=\"has-text-align-center\">One remediation unit is capable of servicing up to eight remediated wells to a depth of 60 meters below ground. Thanks to its very low energy consumption (less than 100 W), the system can also be operated in island mode using solar power.The system is compatible with small-diameter skimmers, allowing for efficient use even in narrow observation boreholes.<\/p>\n\n\n\n<div class=\"wp-block-buttons is-content-justification-center is-layout-flex wp-container-core-buttons-is-layout-a89b3969 wp-block-buttons-is-layout-flex\">\n<div class=\"wp-block-button has-custom-width wp-block-button__width-75 is-style-ext-preset--button--natural-1--button-1 is-style-ext-preset--button--natural-1--button-1--16\"><a class=\"wp-block-button__link wp-element-button\" href=\"https:\/\/opv.cz\/en\/kontakty\/\">Request Technology<\/a><\/div>\n<\/div>\n<\/details>\n<\/div><\/div>\n<\/div>\n<\/div>\n\n\n\n<div class=\"wp-block-columns alignwide is-layout-flex wp-container-core-columns-is-layout-e12f0bcd wp-block-columns-is-layout-flex\" style=\"margin-top:var(--wp--preset--spacing--30)\">\n<div class=\"wp-block-column is-layout-flow wp-container-core-column-is-layout-119bc444 wp-block-column-is-layout-flow\">\n<div class=\"wp-block-media-text is-stacked-on-mobile is-image-fill-element is-style-ext-preset--media-text--natural-1--card-1 has-background-background-color has-background is-style-ext-preset--media-text--natural-1--card-1--17\" style=\"grid-template-columns:35% auto\"><figure class=\"wp-block-media-text__media\"><img loading=\"lazy\" decoding=\"async\" width=\"1024\" height=\"576\" src=\"https:\/\/opv.cz\/wp-content\/uploads\/2026\/02\/pumpy-1024x576.jpeg\" alt=\"\" class=\"wp-image-323 size-full\" style=\"object-position:50% 50%\" srcset=\"https:\/\/opv.cz\/wp-content\/uploads\/2026\/02\/pumpy-1024x576.jpeg 1024w, https:\/\/opv.cz\/wp-content\/uploads\/2026\/02\/pumpy-300x169.jpeg 300w, https:\/\/opv.cz\/wp-content\/uploads\/2026\/02\/pumpy-768x432.jpeg 768w, https:\/\/opv.cz\/wp-content\/uploads\/2026\/02\/pumpy-18x10.jpeg 18w, https:\/\/opv.cz\/wp-content\/uploads\/2026\/02\/pumpy.jpeg 1198w\" sizes=\"auto, (max-width: 1024px) 100vw, 1024px\" \/><\/figure><div class=\"wp-block-media-text__content\">\n<div class=\"wp-block-group is-style-default has-global-padding is-layout-constrained wp-container-core-group-is-layout-9a7b35d3 wp-block-group-is-layout-constrained\" style=\"padding-top:var(--wp--preset--spacing--40);padding-right:var(--wp--preset--spacing--30);padding-bottom:var(--wp--preset--spacing--40);padding-left:var(--wp--preset--spacing--30)\">\n<h3 class=\"wp-block-heading has-foreground-color has-text-color has-link-color wp-elements-60da5d49a5d9d9abe88e47686ef8d6ba\" style=\"font-size:clamp(15.747px, 0.984rem + ((1vw - 3.2px) * 0.86), 24px);\"><strong>Pneumatic pumps<\/strong><\/h3>\n\n\n\n<p class=\"has-primary-color has-text-color has-link-color has-small-font-size wp-elements-c516d8eb860f663d1bed16d1355dcfdd\"><em>Maintenance-free pneumatic borehole pumps<\/em><\/p>\n<\/div>\n\n\n\n<details class=\"wp-block-details has-border-color has-background-border-color has-foreground-color has-text-color has-link-color wp-elements-8245295811763ef193551a18d3850d6a is-layout-flow wp-container-core-details-is-layout-22223934 wp-block-details-is-layout-flow\" style=\"border-width:18px\"><summary>Find out more<\/summary>\n<p class=\"has-text-align-center\">The range includes TF series full-flow pneumatic pumps designed for boreholes. These pumps operate completely autonomously, without the need for external controls, sensors, electrical connections, or timers.<\/p>\n\n\n\n<p class=\"has-text-align-center\">The principle of operation is based on automatic liquid level control, with the pump regulating its own operation. This makes these devices extremely reliable even in demanding operating conditions, including environments with a high content of solid particles or highly corrosive substances. <\/p>\n\n\n\n<p class=\"has-text-align-center\">The compressed air drive allows safe use even in potentially explosive atmospheres (EX zones). The pumps are therefore the ideal solution for industrial remediation and long-term pumping applications.<\/p>\n\n\n\n<div class=\"wp-block-buttons is-content-justification-center is-layout-flex wp-container-core-buttons-is-layout-a89b3969 wp-block-buttons-is-layout-flex\">\n<div class=\"wp-block-button has-custom-width wp-block-button__width-75 is-style-ext-preset--button--natural-1--button-1 is-style-ext-preset--button--natural-1--button-1--18\"><a class=\"wp-block-button__link wp-element-button\" href=\"https:\/\/opv.cz\/en\/kontakty\/\">Request Technology<\/a><\/div>\n<\/div>\n<\/details>\n<\/div><\/div>\n<\/div>\n<\/div>\n\n\n\n<div class=\"wp-block-columns alignwide is-layout-flex wp-container-core-columns-is-layout-e12f0bcd wp-block-columns-is-layout-flex\" style=\"margin-top:var(--wp--preset--spacing--30)\">\n<div class=\"wp-block-column is-layout-flow wp-container-core-column-is-layout-119bc444 wp-block-column-is-layout-flow\">\n<div class=\"wp-block-media-text is-stacked-on-mobile is-image-fill-element is-style-ext-preset--media-text--natural-1--card-1 has-background-background-color has-background is-style-ext-preset--media-text--natural-1--card-1--19\" style=\"grid-template-columns:35% auto\"><figure class=\"wp-block-media-text__media\"><img loading=\"lazy\" decoding=\"async\" width=\"600\" height=\"700\" src=\"https:\/\/opv.cz\/wp-content\/uploads\/2026\/02\/monitoring.jpg\" alt=\"\" class=\"wp-image-321 size-full\" style=\"object-position:50% 50%\" srcset=\"https:\/\/opv.cz\/wp-content\/uploads\/2026\/02\/monitoring.jpg 600w, https:\/\/opv.cz\/wp-content\/uploads\/2026\/02\/monitoring-257x300.jpg 257w, https:\/\/opv.cz\/wp-content\/uploads\/2026\/02\/monitoring-10x12.jpg 10w\" sizes=\"auto, (max-width: 600px) 100vw, 600px\" \/><\/figure><div class=\"wp-block-media-text__content\">\n<div class=\"wp-block-group is-style-default has-global-padding is-layout-constrained wp-container-core-group-is-layout-9a7b35d3 wp-block-group-is-layout-constrained\" style=\"padding-top:var(--wp--preset--spacing--40);padding-right:var(--wp--preset--spacing--30);padding-bottom:var(--wp--preset--spacing--40);padding-left:var(--wp--preset--spacing--30)\">\n<h3 class=\"wp-block-heading has-foreground-color has-text-color has-link-color wp-elements-7f0a540e8b0880c409b9dae500942fd6\" style=\"font-size:clamp(15.747px, 0.984rem + ((1vw - 3.2px) * 0.86), 24px);\"><strong>Environmental monitoring equipment<\/strong><\/h3>\n\n\n\n<p class=\"has-primary-color has-text-color has-link-color has-small-font-size wp-elements-f4ea5c6deb4748d60ea0c1ac330f7c53\"><em>Groundwater level and quality measurement<\/em><\/p>\n<\/div>\n\n\n\n<details class=\"wp-block-details has-border-color has-background-border-color has-foreground-color has-text-color has-link-color wp-elements-e487b3a2806b4a2f2a1726750dda49b2 is-layout-flow wp-container-core-details-is-layout-22223934 wp-block-details-is-layout-flow\" style=\"border-width:18px\"><summary>Find out more<\/summary>\n<p class=\"has-text-align-center\">OPV supplies complete equipment for groundwater and environmental monitoring. The offer includes devices for measuring groundwater levels, physical and chemical parameters, and long-term monitoring of changes in water quality. <\/p>\n\n\n\n<p class=\"has-text-align-center\">Modern IoT monitoring systems equipped with data <strong>loggers are also available<\/strong> , enabling remote data transmission and storage in cloud platforms. These systems provide a continuous overview of the status of monitored locations and enable a quick response to changes or emergency situations.<\/p>\n\n\n\n<p class=\"has-text-align-center\">The technologies are suitable for both basic hydrogeological surveys and long-term operational monitoring in industry, water management, and environmental protection.<\/p>\n\n\n\n<div class=\"wp-block-buttons is-content-justification-center is-layout-flex wp-container-core-buttons-is-layout-a89b3969 wp-block-buttons-is-layout-flex\">\n<div class=\"wp-block-button has-custom-width wp-block-button__width-75 is-style-ext-preset--button--natural-1--button-1 is-style-ext-preset--button--natural-1--button-1--20\"><a class=\"wp-block-button__link wp-element-button\" href=\"https:\/\/opv.cz\/en\/kontakty\/\">Request Technology<\/a><\/div>\n<\/div>\n<\/details>\n<\/div><\/div>\n<\/div>\n<\/div>\n<\/div>","protected":false},"excerpt":{"rendered":"<p>NAB\u00cdZEN\u00c9 ENVIRONMENT\u00c1LN\u00cd TECHNOLOGIE Exkluzivn\u00ed spolupr\u00e1ce s p\u0159edn\u00edmi v\u00fdrobci Spole\u010dnost OPV dlouhodob\u011b spolupracuje s renomovan\u00fdmi zahrani\u010dn\u00edmi v\u00fdrobci environment\u00e1ln\u00edch technologi\u00ed. D\u00edky t\u00e9to exkluzivn\u00ed spolupr\u00e1ci je schopna nab\u00edzet ov\u011b\u0159en\u00e1 a technologicky vysp\u011bl\u00e1 \u0159e\u0161en\u00ed v oblasti ochrany a sanace podzemn\u00edch vod, monitoringu \u017eivotn\u00edho prost\u0159ed\u00ed a \u00fapravy vody. Nab\u00edzen\u00e9 technologie spl\u0148uj\u00ed p\u0159\u00edsn\u00e9 technick\u00e9 i environment\u00e1ln\u00ed standardy a jsou vhodn\u00e9 jak [&hellip;]<\/p>\n","protected":false},"author":1,"featured_media":0,"parent":0,"menu_order":0,"comment_status":"closed","ping_status":"closed","template":"page-with-title","meta":{"_monsterinsights_skip_tracking":false,"_monsterinsights_sitenote_active":false,"_monsterinsights_sitenote_note":"","_monsterinsights_sitenote_category":0,"footnotes":""},"class_list":["post-302","page","type-page","status-publish","hentry"],"aioseo_notices":[],"_links":{"self":[{"href":"https:\/\/opv.cz\/en\/wp-json\/wp\/v2\/pages\/302","targetHints":{"allow":["GET"]}}],"collection":[{"href":"https:\/\/opv.cz\/en\/wp-json\/wp\/v2\/pages"}],"about":[{"href":"https:\/\/opv.cz\/en\/wp-json\/wp\/v2\/types\/page"}],"author":[{"embeddable":true,"href":"https:\/\/opv.cz\/en\/wp-json\/wp\/v2\/users\/1"}],"replies":[{"embeddable":true,"href":"https:\/\/opv.cz\/en\/wp-json\/wp\/v2\/comments?post=302"}],"version-history":[{"count":20,"href":"https:\/\/opv.cz\/en\/wp-json\/wp\/v2\/pages\/302\/revisions"}],"predecessor-version":[{"id":877,"href":"https:\/\/opv.cz\/en\/wp-json\/wp\/v2\/pages\/302\/revisions\/877"}],"wp:attachment":[{"href":"https:\/\/opv.cz\/en\/wp-json\/wp\/v2\/media?parent=302"}],"curies":[{"name":"wp","href":"https:\/\/api.w.org\/{rel}","templated":true}]}}